{"id":78,"date":"2015-06-08T20:12:04","date_gmt":"2015-06-08T20:12:04","guid":{"rendered":"http:\/\/www.investigacionsalud.gob.ec\/webs\/cim\/?page_id=78"},"modified":"2022-05-31T14:45:48","modified_gmt":"2022-05-31T14:45:48","slug":"publicaciones","status":"publish","type":"page","link":"https:\/\/www.investigacionsalud.gob.ec\/webs\/cim\/publicaciones-3\/publicaciones\/","title":{"rendered":"ART\u00cdCULOS CIENT\u00cdFICOS"},"content":{"rendered":"<ul>\n<li><a href=\"https:\/\/doi.org\/10.1371\/journal.pone.0268340\" target=\"_blank\"><strong>Lu, S., Duplat, D., Benitez-Bolivar, P., Le\u00f3n, C., Villota, S. D., Veloz-Villavicencio, E., &#8230; &#038; Bremner, R. (2022). Multicenter international assessment of a SARS-CoV-2 RT-LAMP test for point of care clinical application. Plos one, 17(5), e0268340.<\/strong><\/a><\/li>\n<p><\/p>\n<li><a href=\"https:\/\/doi.org\/10.3390\/insects13030305\" target=\"_blank\"><strong>Carrazco-Montalvo, A., Ponce, P., Villota, S. D., Quentin, E., Mu\u00f1oz-Tobar, S., Coloma, J., &#038; Cevallos, V. (2022). Establishment, Genetic Diversity, and Habitat Suitability of Aedes albopictus Populations from Ecuador. Insects, 13(3), 305.<\/strong><\/a><\/li>\n<p><\/p>\n<li><a href=\"https:\/\/rdcu.be\/cIGHB\" target=\"_blank\"><strong>Karlikow, M., da Silva, S.J.R., Guo, Y. et al. Field validation of the performance of paper-based tests for the detection of the Zika and chikungunya viruses in serum samples. Nat Biomed Eng (2022). https:\/\/doi.org\/10.1038\/s41551-022-00850-0<\/strong><\/a><\/li>\n<p><\/p>\n<\/ul>\n<ul>\n<li><a href=\"https:\/\/pubmed.ncbi.nlm.nih.gov\/34570788\/\" target=\"_blank\"><strong>Lee, G. O., Vasco, L., M\u00e1rquez, S., Zuniga-Moya, J. C., Van Engen, A., Uruchima, J., &#8230; &#038; Eisenberg, J. N. (2021). A dengue outbreak in a rural community in Northern Coastal Ecuador: An analysis using unmanned aerial vehicle mapping. PLoS neglected tropical diseases, 15(9), e0009679.<\/strong><\/a><\/li>\n<p><\/p>\n<li><a href=\"https:\/\/parasitesandvectors.biomedcentral.com\/articles\/10.1186\/s13071-021-04984-z\" target=\"_blank\"><strong>Talbot, B., Sander, B., Cevallos, V., Gonz\u00e1lez, C., Ben\u00edtez, D., Carissimo, C., &#8230; &#038; Kulkarni, M. A. (2021). Determinants of Aedes mosquito density as an indicator of arbovirus transmission risk in three sites affected by co-circulation of globally spreading arboviruses in Colombia, Ecuador and Argentina. Parasites &#038; vectors, 14(1), 1-14.<\/strong><\/a><\/li>\n<p><\/p>\n<li><a href=\"https:\/\/www.biorxiv.org\/content\/10.1101\/2020.11.23.391938v1\" target=\"_blank\"><strong>Ha, T. A., Le\u00f3n, T. M., Lalangui, K., Ponce, P., Marshall, J. M., &#038; Cevallos, V. (2021). Household-level risk factors for Aedes aegypti pupal density in Guayaquil, Ecuador. Parasites &#038; vectors, 14(1), 1-10.<\/strong><\/a><\/li>\n<p><\/p>\n<li><a href=\"https:\/\/academic.oup.com\/ve\/article\/7\/2\/veab051\/6292076\" target=\"_blank\"><strong>Gutierrez, B., M\u00e1rquez, S., Prado-Vivar, B., Becerra-Wong, M., Guadalupe, J. J., da Silva Candido, D., &#8230; &#038; C\u00e1rdenas, P. (2021). Genomic epidemiology of SARS-CoV-2 transmission lineages in Ecuador. medRxiv.<\/strong><\/a><\/li>\n<p><\/p>\n<li><a href=\"https:\/\/www.mdpi.com\/2075-4450\/12\/3\/200\" target=\"_blank\"><strong>Ponce, P., Mu\u00f1oz-Tobar, S., Carrazco-Montalvo, A., Villota, S. D., Coloma, J., Wang, C., &#8230; &#038; Cevallos, V. (2021). Two Haplotypes of Aedes aegypti Detected by ND4 Mitochondrial Marker in Three Regions of Ecuador. Insects, 12(3), 200.<\/strong><\/a><\/li>\n<p><\/p>\n<li><a href=\"https:\/\/royalsocietypublishing.org\/doi\/10.1098\/rsos.191749\" target=\"_blank\"><strong>Tang, B., Xiao, Y., Sander, B., Kulkarni, M. A., RADAM-LAC Research Team, &#038; Wu, J. (2020). Modelling the impact of antibody-dependent enhancement on disease severity of Zika virus and dengue virus sequential and co-infection. Royal Society open science, 7(4), 191749.<\/strong><\/a><\/li>\n<p><\/p>\n<li><a href=\"https:\/\/www.biorxiv.org\/content\/10.1101\/713693v1\" target=\"_blank\"><strong> Jones, R., Kulkarni, M. A., Davidson, T. M., RADAM-LAC Research Team, &#038; Talbot, B. (2020). Arbovirus vectors of epidemiological concern in the Americas: a scoping review of entomological studies on Zika, dengue and chikungunya virus vectors. PloS one, 15(2), e0220753.<\/strong><\/a><\/li>\n<p><\/p>\n<li><a href=\"https:\/\/www.biorxiv.org\/content\/10.1101\/2020.11.23.391938v1.full\" target=\"_blank\"><strong> Thien-An H, Le\u00f3n T, Lalangui K, Ponce P, Marshall J, Cevallos V.<\/strong> 2020. Household-Level Risk Factors for Aedes aegypti Pupal Density in Guayaquil. Ecuador. Intended Journal: Parasite &#038; Vectors. (En revisi\u00f3n) <\/a><\/li>\n<p><\/p>\n<li><a href=\"https:\/\/doi.org\/10.1098\/rsif.2019.0141\" target=\"_blank\"><strong> Morales D, Paredes M, Morales E, Cruz-Aponte M, Arriola L, Cevallos V, Ponce P, Mubayi A.<\/strong> 2019. Data Scarcity and Ecological Complexity: The Cutaneous Leishmaniasis Dynamics in Ecuador. The Journal of the Royal Society Interface. <strong>53:<\/strong> pp. 114<\/a><br \/>\n<\/p>\n<\/li>\n<li><a href=\"https:\/\/doi.org\/10.2987\/19-6831.1\" target=\"_blank\"> <strong>Morales D, Ponce P, Cevallos V, Espinosa P, Vaca D, Quezada W. <\/strong> 2019. Resistance status of Aedes aegypti to deltamethrin, malathion, and temephos in Ecuador. Journal of the American Mosquito Control Association.  Vol. 35, No. 2, pp. 113-122.<\/a><\/li>\n<p><\/p>\n<li><a href=\"http:\/\/www.investigacionsalud.gob.ec\/webs\/cim\/wp-content\/uploads\/2018\/02\/1-s2.0-S0001706X17307738-main.pdf\" target=\"_blank\"> <strong>Cevallos V, Ponce P, Waggoner JJ, Pinsky BA, Coloma J, Quiroga C, Morales D, C\u00e1rdenas MJ.<\/strong> 2018. Zika and Chikungunya Virus Detection in Naturally Infected <em>Aedes aegypti<\/em> in Ecuador. Aceptada. Acta Trop <strong>177:<\/strong> 74-80.<\/a><\/li>\n<p><\/p>\n<li><a href=\"http:\/\/www.investigacionsalud.gob.ec\/webs\/cim\/wp-content\/uploads\/2018\/02\/tjx165.pdf\" target=\"_blank\">  <strong>Ponce P, Morales D, Argoti A, Cevallos VE.<\/strong> 2018. First Report of <em>Aedes<\/em> (Stegomyia) <em>albopictus<\/em>(Skuse) (Diptera: Culicidae), the Asian tiger mosquito, in Ecuador. J Med Entomol <strong>55:<\/strong> 248-249.<\/a><\/li>\n<p><\/p>\n<li><a href=\"http:\/\/www.investigacionsalud.gob.ec\/webs\/cim\/wp-content\/uploads\/2018\/02\/tjx122.pdf\" target=\"_blank\"><strong> Quiroga C, Cevallos V, Morales D, Balde\u00f3n ME, C\u00e1rdenas P, Rojas-Silva P, Ponce P.<\/strong> 2017. Molecular identification of <em>Leishmania spp.<\/em> in sand flies (Diptera: Psychodidae, Phlebotominae) from Ecuador. J Med Entomol <strong>54:&lt;7strong> 1704-1711.<\/strong><\/a><\/li>\n<p><\/p>\n<li><a href=\"http:\/\/www.investigacionsalud.gob.ec\/webs\/cim\/wp-content\/uploads\/2017\/02\/Journal-of-Vector-Ecology-Dic2016.pdf\" target=\"_blank\"> <strong> Qualls WA, Naranjo DP, Sub\u00eda MA, Ramon G, Cevallos V, Grijalva I, G\u00f3mez E, Arheart KL, Fuller DO, Beier JC.<\/strong> 2016. Movement of Aedes aegypti following a sugar meal and its implication in the development of control strategies in Dur\u00e1n, Ecuador. J Vector Ecol <strong>41:<\/strong> 224-231.<\/a><\/li>\n<p><\/p>\n<li><a href=\"http:\/\/www.ncbi.nlm.nih.gov\/pubmed\/26361709\" target=\"_blank\"><strong>Anaguano DF, Ponce P, Balde\u00f3n ME, Santander S, Cevallos V.<\/strong> 2015. Blood-meal identification in phlebotomine sand flies (Diptera:Psychodidae) from Valle Hermosos, a high prevalence zone for cutaneous leishmaniasis in Ecuador. Acta Trop <strong>152:<\/strong> 116-120 <\/a><\/li>\n<p><\/p>\n<li><a href=\"http:\/\/www.researchgate.net\/publication\/282577112_Evaluacin_rpida_de_biodiversidad_de_mosquitos_(Diptera_Culicidae)_y_riesgo_en_salud_ambiental_en_un_rea_Montana_del_Choc_Ecuatoriano\" target=\"_blank\"><strong>Navarro JC, Arrivillaga J, Morales D, Ponce P, Cevallos V.<\/strong> 2015. Evaluaci\u00f3n r\u00e1pida de biodiversidad de mosquitos (Diptera: Culicidae) y riesgo en salud ambiental en un \u00e1rea Montana del Choc\u00f3 Ecuatoriano. Sociedad Venezolana de Entomolog\u00eda. <strong>30:<\/strong> 160-173<\/a><\/li>\n<p><\/p>\n<li><a href=\"http:\/\/theantsofecuador.com\/david\/publications\/Ramon%20&#038;%20Donoso%202015_Ants%20and%20forensics.pdf\" target=\"_blank\"><strong>Ram\u00f3n G, Donoso DA.<\/strong> 2015. The role of ants (Hymenoptera: Formicidae) in forensic entomology. Rev Ecuat Med Cienc Biol <strong>36:<\/strong> 19\u201326.<\/a><\/li>\n<p><\/p>\n<li><a href=\"http:\/\/www.parasitesandvectors.com\/content\/7\/1\/358\" target=\"_blank\"><strong> Guevara A, Moreira J, Criollo H, Vivero S, Racines M, Cevallos V, Prandi R, Caicedo C, Robinzon F, Anselmi M <\/strong> 2014. First description of <em>Trypanosoma cruzi<\/em> human infection in Esmeraldas province, Ecuador. Parasites and Vectors <strong>7:<\/strong> 358.<\/a><\/li>\n<p><\/p>\n<li><a href=\"http:\/\/www.entomotropica.org\/index.php\/entomotropica\/article\/view\/498\" target=\"_blank\"><strong> Navarro JC, Ponce P, Cevallos V. <\/strong> 2013. Dos nuevos registros de vectores potenciales de Fiebre Amarilla selv\u00e1tica y Mayaro para el Ecuador. Bolet\u00edn de Malariolog\u00eda y Salud Ambiental. <strong>53:<\/strong> 77-81.<\/a><\/li>\n<p><\/p>\n<li><a href=\"http:\/\/www.scielo.org.ve\/scielo.php?script=sci_arttext&#038;pid=S1690-46482013000200010\" target=\"_blank\"><strong> Arrivillaga J, Ponce P.<\/strong> 2013. Primer registro geogr\u00e1fico de flebotom\u00ednos para la Provincia de Carchi en el Ecuador, <em>Lutzomyia trapidoi <\/em>(Diptera: Pshychodidae: Phlebotominae). Bolet\u00edn de Malariolog\u00eda y Salud Ambiental. <strong>53:<\/strong> 198-201.<\/a><\/li>\n<\/ul>\n","protected":false},"excerpt":{"rendered":"<p>Lu, S., Duplat, D., Benitez-Bolivar, P., Le\u00f3n, C., Villota, S. D., Veloz-Villavicencio, E., &#8230; &#038; Bremner, R. (2022). Multicenter international assessment of a SARS-CoV-2 RT-LAMP test for point of care clinical application. Plos one, 17(5), e0268340. Carrazco-Montalvo, A., Ponce, P., Villota, S. D., Quentin, E., Mu\u00f1oz-Tobar, S., Coloma, J., &#038; Cevallos, V. (2022). Establishment, Genetic [&hellip;]<\/p>\n","protected":false},"author":2,"featured_media":0,"parent":1802,"menu_order":0,"comment_status":"open","ping_status":"open","template":"","meta":[],"_links":{"self":[{"href":"https:\/\/www.investigacionsalud.gob.ec\/webs\/cim\/wp-json\/wp\/v2\/pages\/78"}],"collection":[{"href":"https:\/\/www.investigacionsalud.gob.ec\/webs\/cim\/wp-json\/wp\/v2\/pages"}],"about":[{"href":"https:\/\/www.investigacionsalud.gob.ec\/webs\/cim\/wp-json\/wp\/v2\/types\/page"}],"author":[{"embeddable":true,"href":"https:\/\/www.investigacionsalud.gob.ec\/webs\/cim\/wp-json\/wp\/v2\/users\/2"}],"replies":[{"embeddable":true,"href":"https:\/\/www.investigacionsalud.gob.ec\/webs\/cim\/wp-json\/wp\/v2\/comments?post=78"}],"version-history":[{"count":56,"href":"https:\/\/www.investigacionsalud.gob.ec\/webs\/cim\/wp-json\/wp\/v2\/pages\/78\/revisions"}],"predecessor-version":[{"id":2119,"href":"https:\/\/www.investigacionsalud.gob.ec\/webs\/cim\/wp-json\/wp\/v2\/pages\/78\/revisions\/2119"}],"up":[{"embeddable":true,"href":"https:\/\/www.investigacionsalud.gob.ec\/webs\/cim\/wp-json\/wp\/v2\/pages\/1802"}],"wp:attachment":[{"href":"https:\/\/www.investigacionsalud.gob.ec\/webs\/cim\/wp-json\/wp\/v2\/media?parent=78"}],"curies":[{"name":"wp","href":"https:\/\/api.w.org\/{rel}","templated":true}]}}