{"id":55,"date":"2015-06-08T18:48:30","date_gmt":"2015-06-08T18:48:30","guid":{"rendered":"http:\/\/www.investigacionsalud.gob.ec\/webs\/cim\/?page_id=55"},"modified":"2022-11-08T20:01:14","modified_gmt":"2022-11-08T20:01:14","slug":"proyectos","status":"publish","type":"page","link":"https:\/\/www.investigacionsalud.gob.ec\/webs\/cim\/proyectos\/","title":{"rendered":"NOSOTROS"},"content":{"rendered":"<p><a href=\"http:\/\/www.investigacionsalud.gob.ec\/webs\/cim\/wp-content\/uploads\/2015\/06\/para-cabecera-roberto-2.jpg\"><img decoding=\"async\" loading=\"lazy\" class=\" size-full wp-image-2175 aligncenter\" src=\"http:\/\/www.investigacionsalud.gob.ec\/webs\/cim\/wp-content\/uploads\/2015\/06\/para-cabecera-roberto-2.jpg\" alt=\"para-cabecera-roberto-2\" width=\"900\" height=\"230\" srcset=\"https:\/\/www.investigacionsalud.gob.ec\/webs\/cim\/wp-content\/uploads\/2015\/06\/para-cabecera-roberto-2.jpg 900w, https:\/\/www.investigacionsalud.gob.ec\/webs\/cim\/wp-content\/uploads\/2015\/06\/para-cabecera-roberto-2-300x77.jpg 300w, https:\/\/www.investigacionsalud.gob.ec\/webs\/cim\/wp-content\/uploads\/2015\/06\/para-cabecera-roberto-2-768x196.jpg 768w\" sizes=\"(max-width: 900px) 100vw, 900px\" \/><\/a><\/p>\n<p><strong>NOSOTROS<\/strong><\/p>\n<p style=\"text-align: justify;\">Centro de Investigaci\u00f3n Multidisciplinario (CIM) \u201cDR. ERNESTO GUTI\u00c9RREZ VERA\u201d, forma parte de la Direcci\u00f3n T\u00e9cnica de Investigaci\u00f3n, Desarrollo e Innovaci\u00f3n, con los equipos, insumos, materiales y herramientas necesarios para la exploraci\u00f3n cient\u00edfica y pr\u00e1ctica de las t\u00e9cnicas adquiridas en el campo de investigaci\u00f3n, conforme a las atribuciones y responsabilidades del Instituto Nacional de Investigaci\u00f3n en Salud P\u00fablica \u2013 INSPI \u2013 Dr. Leopoldo Izquieta P\u00e9rez.<\/p>\n<p><strong>Nuestra misi\u00f3n<\/strong><\/p>\n<p style=\"text-align: justify;\">Fortalecer la producci\u00f3n cient\u00edfica nacional e internacional a trav\u00e9s del trabajo colaborativo y multidisciplinario que se puede realizar dentro del CIM ya que cuenta con una infraestructura, \u00a0equipos\u00a0 y personal altamente capacitado para realizar investigaciones en el \u00e1mbito de la salud.<\/p>\n<p><span style=\"color: #000000;\"><strong>Visi\u00f3n<\/strong><\/span><\/p>\n","protected":false},"excerpt":{"rendered":"<p>NOSOTROS Centro de Investigaci\u00f3n Multidisciplinario (CIM) \u201cDR. ERNESTO GUTI\u00c9RREZ VERA\u201d, forma parte de la Direcci\u00f3n T\u00e9cnica de Investigaci\u00f3n, Desarrollo e Innovaci\u00f3n, con los equipos, insumos, materiales y herramientas necesarios para la exploraci\u00f3n cient\u00edfica y pr\u00e1ctica de las t\u00e9cnicas adquiridas en el campo de investigaci\u00f3n, conforme a las atribuciones y responsabilidades del Instituto Nacional de Investigaci\u00f3n [&hellip;]<\/p>\n","protected":false},"author":2,"featured_media":0,"parent":0,"menu_order":0,"comment_status":"open","ping_status":"closed","template":"","meta":[],"_links":{"self":[{"href":"https:\/\/www.investigacionsalud.gob.ec\/webs\/cim\/wp-json\/wp\/v2\/pages\/55"}],"collection":[{"href":"https:\/\/www.investigacionsalud.gob.ec\/webs\/cim\/wp-json\/wp\/v2\/pages"}],"about":[{"href":"https:\/\/www.investigacionsalud.gob.ec\/webs\/cim\/wp-json\/wp\/v2\/types\/page"}],"author":[{"embeddable":true,"href":"https:\/\/www.investigacionsalud.gob.ec\/webs\/cim\/wp-json\/wp\/v2\/users\/2"}],"replies":[{"embeddable":true,"href":"https:\/\/www.investigacionsalud.gob.ec\/webs\/cim\/wp-json\/wp\/v2\/comments?post=55"}],"version-history":[{"count":42,"href":"https:\/\/www.investigacionsalud.gob.ec\/webs\/cim\/wp-json\/wp\/v2\/pages\/55\/revisions"}],"predecessor-version":[{"id":2176,"href":"https:\/\/www.investigacionsalud.gob.ec\/webs\/cim\/wp-json\/wp\/v2\/pages\/55\/revisions\/2176"}],"wp:attachment":[{"href":"https:\/\/www.investigacionsalud.gob.ec\/webs\/cim\/wp-json\/wp\/v2\/media?parent=55"}],"curies":[{"name":"wp","href":"https:\/\/api.w.org\/{rel}","templated":true}]}}