{"id":186,"date":"2015-06-16T20:35:20","date_gmt":"2015-06-16T20:35:20","guid":{"rendered":"http:\/\/www.investigacionsalud.gob.ec\/webs\/cim\/?page_id=186"},"modified":"2023-01-18T20:45:25","modified_gmt":"2023-01-18T20:45:25","slug":"investigadores","status":"publish","type":"page","link":"https:\/\/www.investigacionsalud.gob.ec\/webs\/cim\/personal\/investigadores\/","title":{"rendered":"INVESTIGADORES"},"content":{"rendered":"\t\t<div data-elementor-type=\"wp-page\" data-elementor-id=\"186\" class=\"elementor elementor-186\">\n\t\t\t\t\t\t<div class=\"elementor-inner\">\n\t\t\t\t<div class=\"elementor-section-wrap\">\n\t\t\t\t\t\t\t\t\t<section class=\"elementor-section elementor-top-section elementor-element elementor-element-3c26673 elementor-section-boxed elementor-section-height-default elementor-section-height-default\" data-id=\"3c26673\" data-element_type=\"section\">\n\t\t\t\t\t\t<div class=\"elementor-container elementor-column-gap-default\">\n\t\t\t\t\t\t\t<div class=\"elementor-row\">\n\t\t\t\t\t<div class=\"elementor-column elementor-col-100 elementor-top-column elementor-element elementor-element-3bba8e49\" data-id=\"3bba8e49\" data-element_type=\"column\">\n\t\t\t<div class=\"elementor-column-wrap elementor-element-populated\">\n\t\t\t\t\t\t\t<div class=\"elementor-widget-wrap\">\n\t\t\t\t\t\t<div class=\"elementor-element elementor-element-3ae735b8 elementor-invisible elementor-widget elementor-widget-text-editor\" data-id=\"3ae735b8\" data-element_type=\"widget\" data-settings=\"{&quot;_animation&quot;:&quot;fadeInDown&quot;}\" data-widget_type=\"text-editor.default\">\n\t\t\t\t<div class=\"elementor-widget-container\">\n\t\t\t\t\t\t\t\t<div class=\"elementor-text-editor elementor-clearfix\">\n\t\t\t\t<h3 style=\"text-align: center;\"><span style=\"color: #000080;\"><strong>INVESTIGADORES<\/strong><\/span><\/h3><hr class=\"linea\" \/>\t\t\t\t\t<\/div>\n\t\t\t\t\t\t<\/div>\n\t\t\t\t<\/div>\n\t\t\t\t\t\t<\/div>\n\t\t\t\t\t<\/div>\n\t\t<\/div>\n\t\t\t\t\t\t\t\t<\/div>\n\t\t\t\t\t<\/div>\n\t\t<\/section>\n\t\t\t\t<section class=\"elementor-section elementor-top-section elementor-element elementor-element-5f978a8 elementor-section-boxed elementor-section-height-default elementor-section-height-default\" data-id=\"5f978a8\" data-element_type=\"section\">\n\t\t\t\t\t\t<div class=\"elementor-container elementor-column-gap-default\">\n\t\t\t\t\t\t\t<div class=\"elementor-row\">\n\t\t\t\t\t<div class=\"elementor-column elementor-col-20 elementor-top-column elementor-element elementor-element-41ec675\" data-id=\"41ec675\" data-element_type=\"column\">\n\t\t\t<div class=\"elementor-column-wrap elementor-element-populated\">\n\t\t\t\t\t\t\t<div class=\"elementor-widget-wrap\">\n\t\t\t\t\t\t<div class=\"elementor-element elementor-element-ff35946 elementor-invisible elementor-widget elementor-widget-image\" data-id=\"ff35946\" data-element_type=\"widget\" data-settings=\"{&quot;_animation&quot;:&quot;fadeInDown&quot;}\" data-widget_type=\"image.default\">\n\t\t\t\t<div class=\"elementor-widget-container\">\n\t\t\t\t\t\t\t\t<div class=\"elementor-image\">\n\t\t\t\t\t\t\t\t\t<figure class=\"wp-caption\">\n\t\t\t\t\t\t\t\t\t\t\t<a href=\"http:\/\/www.investigacionsalud.gob.ec\/inspi-recibio-la-visita-tecnica-de-35-estudiantes-de-la-facultad-de-ciencias-veterinarias-de-la-universidad-tecnica-de-manabi\/\">\n\t\t\t\t\t\t\t<img decoding=\"async\" width=\"298\" height=\"300\" src=\"https:\/\/www.investigacionsalud.gob.ec\/webs\/cim\/wp-content\/uploads\/2023\/01\/yasel-01-298x300.png\" class=\"attachment-medium size-medium wp-image-2185\" alt=\"\" loading=\"lazy\" srcset=\"https:\/\/www.investigacionsalud.gob.ec\/webs\/cim\/wp-content\/uploads\/2023\/01\/yasel-01-298x300.png 298w, https:\/\/www.investigacionsalud.gob.ec\/webs\/cim\/wp-content\/uploads\/2023\/01\/yasel-01-1017x1024.png 1017w, https:\/\/www.investigacionsalud.gob.ec\/webs\/cim\/wp-content\/uploads\/2023\/01\/yasel-01-150x150.png 150w, https:\/\/www.investigacionsalud.gob.ec\/webs\/cim\/wp-content\/uploads\/2023\/01\/yasel-01-768x773.png 768w, https:\/\/www.investigacionsalud.gob.ec\/webs\/cim\/wp-content\/uploads\/2023\/01\/yasel-01-763x768.png 763w, https:\/\/www.investigacionsalud.gob.ec\/webs\/cim\/wp-content\/uploads\/2023\/01\/yasel-01-1525x1536.png 1525w, https:\/\/www.investigacionsalud.gob.ec\/webs\/cim\/wp-content\/uploads\/2023\/01\/yasel-01-2034x2048.png 2034w\" sizes=\"(max-width: 298px) 100vw, 298px\" \/>\t\t\t\t\t\t\t\t<\/a>\n\t\t\t\t\t\t\t\t\t\t\t<figcaption class=\"widget-image-caption wp-caption-text\"><p style=\"text-align: center\">Lcdo. YASEL SANTIESTEBAN DIAZ MSc.<\/p>\n<p style=\"text-align: center\"><strong>Ver Perfil<\/strong><\/p><\/figcaption>\n\t\t\t\t\t\t\t\t\t\t<\/figure>\n\t\t\t\t\t\t\t\t<\/div>\n\t\t\t\t\t\t<\/div>\n\t\t\t\t<\/div>\n\t\t\t\t\t\t<\/div>\n\t\t\t\t\t<\/div>\n\t\t<\/div>\n\t\t\t\t<div class=\"elementor-column elementor-col-20 elementor-top-column elementor-element elementor-element-0053b69\" data-id=\"0053b69\" data-element_type=\"column\">\n\t\t\t<div class=\"elementor-column-wrap elementor-element-populated\">\n\t\t\t\t\t\t\t<div class=\"elementor-widget-wrap\">\n\t\t\t\t\t\t<div class=\"elementor-element elementor-element-6e5442b elementor-invisible elementor-widget elementor-widget-image\" data-id=\"6e5442b\" data-element_type=\"widget\" data-settings=\"{&quot;_animation&quot;:&quot;fadeInDown&quot;}\" data-widget_type=\"image.default\">\n\t\t\t\t<div class=\"elementor-widget-container\">\n\t\t\t\t\t\t\t\t<div class=\"elementor-image\">\n\t\t\t\t\t\t\t\t\t<figure class=\"wp-caption\">\n\t\t\t\t\t\t\t\t\t\t<img decoding=\"async\" width=\"640\" height=\"644\" src=\"https:\/\/www.investigacionsalud.gob.ec\/webs\/cim\/wp-content\/uploads\/2023\/01\/orlando-1017x1024.png\" class=\"attachment-large size-large wp-image-2191\" alt=\"\" loading=\"lazy\" srcset=\"https:\/\/www.investigacionsalud.gob.ec\/webs\/cim\/wp-content\/uploads\/2023\/01\/orlando-1017x1024.png 1017w, https:\/\/www.investigacionsalud.gob.ec\/webs\/cim\/wp-content\/uploads\/2023\/01\/orlando-298x300.png 298w, https:\/\/www.investigacionsalud.gob.ec\/webs\/cim\/wp-content\/uploads\/2023\/01\/orlando-150x150.png 150w, https:\/\/www.investigacionsalud.gob.ec\/webs\/cim\/wp-content\/uploads\/2023\/01\/orlando-768x774.png 768w, https:\/\/www.investigacionsalud.gob.ec\/webs\/cim\/wp-content\/uploads\/2023\/01\/orlando-762x768.png 762w, https:\/\/www.investigacionsalud.gob.ec\/webs\/cim\/wp-content\/uploads\/2023\/01\/orlando-1525x1536.png 1525w, https:\/\/www.investigacionsalud.gob.ec\/webs\/cim\/wp-content\/uploads\/2023\/01\/orlando-2033x2048.png 2033w\" sizes=\"(max-width: 640px) 100vw, 640px\" \/>\t\t\t\t\t\t\t\t\t\t\t<figcaption class=\"widget-image-caption wp-caption-text\"><p style=\"text-align: center\">Dr. ALBERTO ORLANDO NARVAEZ Mvz.<\/p>\n<p style=\"text-align: center\"><strong>Ver Perfil<\/strong><\/p><\/figcaption>\n\t\t\t\t\t\t\t\t\t\t<\/figure>\n\t\t\t\t\t\t\t\t<\/div>\n\t\t\t\t\t\t<\/div>\n\t\t\t\t<\/div>\n\t\t\t\t\t\t<\/div>\n\t\t\t\t\t<\/div>\n\t\t<\/div>\n\t\t\t\t<div class=\"elementor-column elementor-col-20 elementor-top-column elementor-element elementor-element-aaf45ca\" data-id=\"aaf45ca\" data-element_type=\"column\">\n\t\t\t<div class=\"elementor-column-wrap elementor-element-populated\">\n\t\t\t\t\t\t\t<div class=\"elementor-widget-wrap\">\n\t\t\t\t\t\t<div class=\"elementor-element elementor-element-5938e74 elementor-invisible elementor-widget elementor-widget-image\" data-id=\"5938e74\" data-element_type=\"widget\" data-settings=\"{&quot;_animation&quot;:&quot;fadeInDown&quot;}\" data-widget_type=\"image.default\">\n\t\t\t\t<div class=\"elementor-widget-container\">\n\t\t\t\t\t\t\t\t<div class=\"elementor-image\">\n\t\t\t\t\t\t\t\t\t<figure class=\"wp-caption\">\n\t\t\t\t\t\t\t\t\t\t<img decoding=\"async\" width=\"640\" height=\"644\" src=\"https:\/\/www.investigacionsalud.gob.ec\/webs\/cim\/wp-content\/uploads\/2023\/01\/noemi-mora-01-1017x1024.png\" class=\"attachment-large size-large wp-image-2195\" alt=\"\" loading=\"lazy\" srcset=\"https:\/\/www.investigacionsalud.gob.ec\/webs\/cim\/wp-content\/uploads\/2023\/01\/noemi-mora-01-1017x1024.png 1017w, https:\/\/www.investigacionsalud.gob.ec\/webs\/cim\/wp-content\/uploads\/2023\/01\/noemi-mora-01-298x300.png 298w, https:\/\/www.investigacionsalud.gob.ec\/webs\/cim\/wp-content\/uploads\/2023\/01\/noemi-mora-01-150x150.png 150w, https:\/\/www.investigacionsalud.gob.ec\/webs\/cim\/wp-content\/uploads\/2023\/01\/noemi-mora-01-768x773.png 768w, https:\/\/www.investigacionsalud.gob.ec\/webs\/cim\/wp-content\/uploads\/2023\/01\/noemi-mora-01-763x768.png 763w, https:\/\/www.investigacionsalud.gob.ec\/webs\/cim\/wp-content\/uploads\/2023\/01\/noemi-mora-01-1525x1536.png 1525w, https:\/\/www.investigacionsalud.gob.ec\/webs\/cim\/wp-content\/uploads\/2023\/01\/noemi-mora-01-2034x2048.png 2034w\" sizes=\"(max-width: 640px) 100vw, 640px\" \/>\t\t\t\t\t\t\t\t\t\t\t<figcaption class=\"widget-image-caption wp-caption-text\"><p style=\"text-align: center\">Ing. NAOMI DANIELA MORA ZAMBRANO<\/p>\n<p style=\"text-align: center\"><strong>Ver Perfil<\/strong><\/p><\/figcaption>\n\t\t\t\t\t\t\t\t\t\t<\/figure>\n\t\t\t\t\t\t\t\t<\/div>\n\t\t\t\t\t\t<\/div>\n\t\t\t\t<\/div>\n\t\t\t\t\t\t<\/div>\n\t\t\t\t\t<\/div>\n\t\t<\/div>\n\t\t\t\t<div class=\"elementor-column elementor-col-20 elementor-top-column elementor-element elementor-element-9e6d1b7\" data-id=\"9e6d1b7\" data-element_type=\"column\">\n\t\t\t<div class=\"elementor-column-wrap elementor-element-populated\">\n\t\t\t\t\t\t\t<div class=\"elementor-widget-wrap\">\n\t\t\t\t\t\t<div class=\"elementor-element elementor-element-223e798 elementor-invisible elementor-widget elementor-widget-image\" data-id=\"223e798\" data-element_type=\"widget\" data-settings=\"{&quot;_animation&quot;:&quot;fadeInDown&quot;}\" data-widget_type=\"image.default\">\n\t\t\t\t<div class=\"elementor-widget-container\">\n\t\t\t\t\t\t\t\t<div class=\"elementor-image\">\n\t\t\t\t\t\t\t\t\t<figure class=\"wp-caption\">\n\t\t\t\t\t\t\t\t\t\t<img decoding=\"async\" width=\"640\" height=\"644\" src=\"https:\/\/www.investigacionsalud.gob.ec\/webs\/cim\/wp-content\/uploads\/2023\/01\/medina-01-1017x1024.png\" class=\"attachment-large size-large wp-image-2202\" alt=\"\" loading=\"lazy\" srcset=\"https:\/\/www.investigacionsalud.gob.ec\/webs\/cim\/wp-content\/uploads\/2023\/01\/medina-01-1017x1024.png 1017w, https:\/\/www.investigacionsalud.gob.ec\/webs\/cim\/wp-content\/uploads\/2023\/01\/medina-01-298x300.png 298w, https:\/\/www.investigacionsalud.gob.ec\/webs\/cim\/wp-content\/uploads\/2023\/01\/medina-01-150x150.png 150w, https:\/\/www.investigacionsalud.gob.ec\/webs\/cim\/wp-content\/uploads\/2023\/01\/medina-01-768x773.png 768w, https:\/\/www.investigacionsalud.gob.ec\/webs\/cim\/wp-content\/uploads\/2023\/01\/medina-01-763x768.png 763w, https:\/\/www.investigacionsalud.gob.ec\/webs\/cim\/wp-content\/uploads\/2023\/01\/medina-01-1525x1536.png 1525w, https:\/\/www.investigacionsalud.gob.ec\/webs\/cim\/wp-content\/uploads\/2023\/01\/medina-01-2034x2048.png 2034w\" sizes=\"(max-width: 640px) 100vw, 640px\" \/>\t\t\t\t\t\t\t\t\t\t\t<figcaption class=\"widget-image-caption wp-caption-text\"><p style=\"text-align: center\">Dr. Milton Benito Medina Almeida<\/p>\n<p style=\"text-align: center\"><strong>Ver Perfil<\/strong><\/p><\/figcaption>\n\t\t\t\t\t\t\t\t\t\t<\/figure>\n\t\t\t\t\t\t\t\t<\/div>\n\t\t\t\t\t\t<\/div>\n\t\t\t\t<\/div>\n\t\t\t\t\t\t<\/div>\n\t\t\t\t\t<\/div>\n\t\t<\/div>\n\t\t\t\t<div class=\"elementor-column elementor-col-20 elementor-top-column elementor-element elementor-element-4b7ce25\" data-id=\"4b7ce25\" data-element_type=\"column\">\n\t\t\t<div class=\"elementor-column-wrap elementor-element-populated\">\n\t\t\t\t\t\t\t<div class=\"elementor-widget-wrap\">\n\t\t\t\t\t\t<div class=\"elementor-element elementor-element-144a079 elementor-invisible elementor-widget elementor-widget-image\" data-id=\"144a079\" data-element_type=\"widget\" data-settings=\"{&quot;_animation&quot;:&quot;fadeInDown&quot;}\" data-widget_type=\"image.default\">\n\t\t\t\t<div class=\"elementor-widget-container\">\n\t\t\t\t\t\t\t\t<div class=\"elementor-image\">\n\t\t\t\t\t\t\t\t\t<figure class=\"wp-caption\">\n\t\t\t\t\t\t\t\t\t\t<img decoding=\"async\" width=\"640\" height=\"652\" src=\"https:\/\/www.investigacionsalud.gob.ec\/webs\/cim\/wp-content\/uploads\/2023\/01\/leandro2-1005x1024.png\" class=\"attachment-large size-large wp-image-2209\" alt=\"\" loading=\"lazy\" srcset=\"https:\/\/www.investigacionsalud.gob.ec\/webs\/cim\/wp-content\/uploads\/2023\/01\/leandro2-1005x1024.png 1005w, https:\/\/www.investigacionsalud.gob.ec\/webs\/cim\/wp-content\/uploads\/2023\/01\/leandro2-294x300.png 294w, https:\/\/www.investigacionsalud.gob.ec\/webs\/cim\/wp-content\/uploads\/2023\/01\/leandro2-768x783.png 768w, https:\/\/www.investigacionsalud.gob.ec\/webs\/cim\/wp-content\/uploads\/2023\/01\/leandro2-753x768.png 753w, https:\/\/www.investigacionsalud.gob.ec\/webs\/cim\/wp-content\/uploads\/2023\/01\/leandro2.png 1142w\" sizes=\"(max-width: 640px) 100vw, 640px\" \/>\t\t\t\t\t\t\t\t\t\t\t<figcaption class=\"widget-image-caption wp-caption-text\"><p style=\"text-align: center\">Dr. Leandro Dario Pati\u00f1o Pati\u00f1o, PhD<\/p>\n<p style=\"text-align: center\"><strong>Ver Perfil<\/strong><\/p><\/figcaption>\n\t\t\t\t\t\t\t\t\t\t<\/figure>\n\t\t\t\t\t\t\t\t<\/div>\n\t\t\t\t\t\t<\/div>\n\t\t\t\t<\/div>\n\t\t\t\t\t\t<\/div>\n\t\t\t\t\t<\/div>\n\t\t<\/div>\n\t\t\t\t\t\t\t\t<\/div>\n\t\t\t\t\t<\/div>\n\t\t<\/section>\n\t\t\t\t<section class=\"elementor-section elementor-top-section elementor-element elementor-element-394f25b elementor-section-boxed elementor-section-height-default elementor-section-height-default\" data-id=\"394f25b\" data-element_type=\"section\">\n\t\t\t\t\t\t<div class=\"elementor-container elementor-column-gap-default\">\n\t\t\t\t\t\t\t<div class=\"elementor-row\">\n\t\t\t\t\t<div class=\"elementor-column elementor-col-20 elementor-top-column elementor-element elementor-element-567ee13\" data-id=\"567ee13\" data-element_type=\"column\">\n\t\t\t<div class=\"elementor-column-wrap elementor-element-populated\">\n\t\t\t\t\t\t\t<div class=\"elementor-widget-wrap\">\n\t\t\t\t\t\t<div class=\"elementor-element elementor-element-bf84d0d elementor-invisible elementor-widget elementor-widget-image\" data-id=\"bf84d0d\" data-element_type=\"widget\" data-settings=\"{&quot;_animation&quot;:&quot;fadeInDown&quot;}\" data-widget_type=\"image.default\">\n\t\t\t\t<div class=\"elementor-widget-container\">\n\t\t\t\t\t\t\t\t<div class=\"elementor-image\">\n\t\t\t\t\t\t\t\t\t<figure class=\"wp-caption\">\n\t\t\t\t\t\t\t\t\t\t<img decoding=\"async\" width=\"640\" height=\"645\" src=\"https:\/\/www.investigacionsalud.gob.ec\/webs\/cim\/wp-content\/uploads\/2023\/01\/joselyn-02-1016x1024.png\" class=\"attachment-large size-large wp-image-2211\" alt=\"\" loading=\"lazy\" srcset=\"https:\/\/www.investigacionsalud.gob.ec\/webs\/cim\/wp-content\/uploads\/2023\/01\/joselyn-02-1016x1024.png 1016w, https:\/\/www.investigacionsalud.gob.ec\/webs\/cim\/wp-content\/uploads\/2023\/01\/joselyn-02-298x300.png 298w, https:\/\/www.investigacionsalud.gob.ec\/webs\/cim\/wp-content\/uploads\/2023\/01\/joselyn-02-150x150.png 150w, https:\/\/www.investigacionsalud.gob.ec\/webs\/cim\/wp-content\/uploads\/2023\/01\/joselyn-02-768x774.png 768w, https:\/\/www.investigacionsalud.gob.ec\/webs\/cim\/wp-content\/uploads\/2023\/01\/joselyn-02-762x768.png 762w, https:\/\/www.investigacionsalud.gob.ec\/webs\/cim\/wp-content\/uploads\/2023\/01\/joselyn-02.png 1155w\" sizes=\"(max-width: 640px) 100vw, 640px\" \/>\t\t\t\t\t\t\t\t\t\t\t<figcaption class=\"widget-image-caption wp-caption-text\"><p style=\"text-align: center\">Mvz. JOSELYN CALDER\u00d3N GONZ\u00c1LEZ MSc.<\/p>\n<p style=\"text-align: center\"><strong>Ver Perfil<\/strong><\/p><\/figcaption>\n\t\t\t\t\t\t\t\t\t\t<\/figure>\n\t\t\t\t\t\t\t\t<\/div>\n\t\t\t\t\t\t<\/div>\n\t\t\t\t<\/div>\n\t\t\t\t\t\t<\/div>\n\t\t\t\t\t<\/div>\n\t\t<\/div>\n\t\t\t\t<div class=\"elementor-column elementor-col-20 elementor-top-column elementor-element elementor-element-915929e\" data-id=\"915929e\" data-element_type=\"column\">\n\t\t\t<div class=\"elementor-column-wrap elementor-element-populated\">\n\t\t\t\t\t\t\t<div class=\"elementor-widget-wrap\">\n\t\t\t\t\t\t<div class=\"elementor-element elementor-element-f692ab6 elementor-invisible elementor-widget elementor-widget-image\" data-id=\"f692ab6\" data-element_type=\"widget\" data-settings=\"{&quot;_animation&quot;:&quot;fadeInDown&quot;}\" data-widget_type=\"image.default\">\n\t\t\t\t<div class=\"elementor-widget-container\">\n\t\t\t\t\t\t\t\t<div class=\"elementor-image\">\n\t\t\t\t\t\t\t\t\t<figure class=\"wp-caption\">\n\t\t\t\t\t\t\t\t\t\t<img decoding=\"async\" width=\"640\" height=\"644\" src=\"https:\/\/www.investigacionsalud.gob.ec\/webs\/cim\/wp-content\/uploads\/2023\/01\/domenica1-01-1017x1024.png\" class=\"attachment-large size-large wp-image-2212\" alt=\"\" loading=\"lazy\" srcset=\"https:\/\/www.investigacionsalud.gob.ec\/webs\/cim\/wp-content\/uploads\/2023\/01\/domenica1-01-1017x1024.png 1017w, https:\/\/www.investigacionsalud.gob.ec\/webs\/cim\/wp-content\/uploads\/2023\/01\/domenica1-01-298x300.png 298w, https:\/\/www.investigacionsalud.gob.ec\/webs\/cim\/wp-content\/uploads\/2023\/01\/domenica1-01-150x150.png 150w, https:\/\/www.investigacionsalud.gob.ec\/webs\/cim\/wp-content\/uploads\/2023\/01\/domenica1-01-768x773.png 768w, https:\/\/www.investigacionsalud.gob.ec\/webs\/cim\/wp-content\/uploads\/2023\/01\/domenica1-01-763x768.png 763w, https:\/\/www.investigacionsalud.gob.ec\/webs\/cim\/wp-content\/uploads\/2023\/01\/domenica1-01-1525x1536.png 1525w, https:\/\/www.investigacionsalud.gob.ec\/webs\/cim\/wp-content\/uploads\/2023\/01\/domenica1-01-2034x2048.png 2034w\" sizes=\"(max-width: 640px) 100vw, 640px\" \/>\t\t\t\t\t\t\t\t\t\t\t<figcaption class=\"widget-image-caption wp-caption-text\"><p style=\"text-align: center\">Bgla.  Domenica Joseth De Mora Coloma Msg.<\/p>\n<p style=\"text-align: center\"><strong>Ver Perfil<\/strong><\/p><\/figcaption>\n\t\t\t\t\t\t\t\t\t\t<\/figure>\n\t\t\t\t\t\t\t\t<\/div>\n\t\t\t\t\t\t<\/div>\n\t\t\t\t<\/div>\n\t\t\t\t\t\t<\/div>\n\t\t\t\t\t<\/div>\n\t\t<\/div>\n\t\t\t\t<div class=\"elementor-column elementor-col-20 elementor-top-column elementor-element elementor-element-edc73f5\" data-id=\"edc73f5\" data-element_type=\"column\">\n\t\t\t<div class=\"elementor-column-wrap elementor-element-populated\">\n\t\t\t\t\t\t\t<div class=\"elementor-widget-wrap\">\n\t\t\t\t\t\t<div class=\"elementor-element elementor-element-2f1e270 elementor-invisible elementor-widget elementor-widget-image\" data-id=\"2f1e270\" data-element_type=\"widget\" data-settings=\"{&quot;_animation&quot;:&quot;fadeInDown&quot;}\" data-widget_type=\"image.default\">\n\t\t\t\t<div class=\"elementor-widget-container\">\n\t\t\t\t\t\t\t\t<div class=\"elementor-image\">\n\t\t\t\t\t\t\t\t\t<figure class=\"wp-caption\">\n\t\t\t\t\t\t\t\t\t\t<img decoding=\"async\" width=\"640\" height=\"644\" src=\"https:\/\/www.investigacionsalud.gob.ec\/webs\/cim\/wp-content\/uploads\/2023\/01\/ariana-rivera-01-1017x1024.png\" class=\"attachment-large size-large wp-image-2213\" alt=\"\" loading=\"lazy\" srcset=\"https:\/\/www.investigacionsalud.gob.ec\/webs\/cim\/wp-content\/uploads\/2023\/01\/ariana-rivera-01-1017x1024.png 1017w, https:\/\/www.investigacionsalud.gob.ec\/webs\/cim\/wp-content\/uploads\/2023\/01\/ariana-rivera-01-298x300.png 298w, https:\/\/www.investigacionsalud.gob.ec\/webs\/cim\/wp-content\/uploads\/2023\/01\/ariana-rivera-01-150x150.png 150w, https:\/\/www.investigacionsalud.gob.ec\/webs\/cim\/wp-content\/uploads\/2023\/01\/ariana-rivera-01-768x773.png 768w, https:\/\/www.investigacionsalud.gob.ec\/webs\/cim\/wp-content\/uploads\/2023\/01\/ariana-rivera-01-763x768.png 763w, https:\/\/www.investigacionsalud.gob.ec\/webs\/cim\/wp-content\/uploads\/2023\/01\/ariana-rivera-01-1525x1536.png 1525w, https:\/\/www.investigacionsalud.gob.ec\/webs\/cim\/wp-content\/uploads\/2023\/01\/ariana-rivera-01-2034x2048.png 2034w\" sizes=\"(max-width: 640px) 100vw, 640px\" \/>\t\t\t\t\t\t\t\t\t\t\t<figcaption class=\"widget-image-caption wp-caption-text\"><p style=\"text-align: center\">Bgla. Rivera Herrera Ariana Katiuska<\/p>\n<p style=\"text-align: center\"><strong>Ver Perfil<\/strong><\/p><\/figcaption>\n\t\t\t\t\t\t\t\t\t\t<\/figure>\n\t\t\t\t\t\t\t\t<\/div>\n\t\t\t\t\t\t<\/div>\n\t\t\t\t<\/div>\n\t\t\t\t\t\t<\/div>\n\t\t\t\t\t<\/div>\n\t\t<\/div>\n\t\t\t\t<div class=\"elementor-column elementor-col-20 elementor-top-column elementor-element elementor-element-060e499\" data-id=\"060e499\" data-element_type=\"column\">\n\t\t\t<div class=\"elementor-column-wrap elementor-element-populated\">\n\t\t\t\t\t\t\t<div class=\"elementor-widget-wrap\">\n\t\t\t\t\t\t<div class=\"elementor-element elementor-element-31c80cc elementor-invisible elementor-widget elementor-widget-image\" data-id=\"31c80cc\" data-element_type=\"widget\" data-settings=\"{&quot;_animation&quot;:&quot;fadeInDown&quot;}\" data-widget_type=\"image.default\">\n\t\t\t\t<div class=\"elementor-widget-container\">\n\t\t\t\t\t\t\t\t<div class=\"elementor-image\">\n\t\t\t\t\t\t\t\t\t<figure class=\"wp-caption\">\n\t\t\t\t\t\t\t\t\t\t<img decoding=\"async\" width=\"640\" height=\"644\" src=\"https:\/\/www.investigacionsalud.gob.ec\/webs\/cim\/wp-content\/uploads\/2023\/01\/ariana-01-1017x1024.png\" class=\"attachment-large size-large wp-image-2214\" alt=\"\" loading=\"lazy\" srcset=\"https:\/\/www.investigacionsalud.gob.ec\/webs\/cim\/wp-content\/uploads\/2023\/01\/ariana-01-1017x1024.png 1017w, https:\/\/www.investigacionsalud.gob.ec\/webs\/cim\/wp-content\/uploads\/2023\/01\/ariana-01-298x300.png 298w, https:\/\/www.investigacionsalud.gob.ec\/webs\/cim\/wp-content\/uploads\/2023\/01\/ariana-01-150x150.png 150w, https:\/\/www.investigacionsalud.gob.ec\/webs\/cim\/wp-content\/uploads\/2023\/01\/ariana-01-768x773.png 768w, https:\/\/www.investigacionsalud.gob.ec\/webs\/cim\/wp-content\/uploads\/2023\/01\/ariana-01-763x768.png 763w, https:\/\/www.investigacionsalud.gob.ec\/webs\/cim\/wp-content\/uploads\/2023\/01\/ariana-01-1525x1536.png 1525w, https:\/\/www.investigacionsalud.gob.ec\/webs\/cim\/wp-content\/uploads\/2023\/01\/ariana-01-2034x2048.png 2034w\" sizes=\"(max-width: 640px) 100vw, 640px\" \/>\t\t\t\t\t\t\t\t\t\t\t<figcaption class=\"widget-image-caption wp-caption-text\"><p style=\"text-align: center\">Lcda. Ariana Astrid Le\u00f3n Sosa<\/p>\n<p style=\"text-align: center\"><strong>Ver Perfil<\/strong><\/p><\/figcaption>\n\t\t\t\t\t\t\t\t\t\t<\/figure>\n\t\t\t\t\t\t\t\t<\/div>\n\t\t\t\t\t\t<\/div>\n\t\t\t\t<\/div>\n\t\t\t\t\t\t<\/div>\n\t\t\t\t\t<\/div>\n\t\t<\/div>\n\t\t\t\t<div class=\"elementor-column elementor-col-20 elementor-top-column elementor-element elementor-element-a78e2c6\" data-id=\"a78e2c6\" data-element_type=\"column\">\n\t\t\t<div class=\"elementor-column-wrap elementor-element-populated\">\n\t\t\t\t\t\t\t<div class=\"elementor-widget-wrap\">\n\t\t\t\t\t\t<div class=\"elementor-element elementor-element-d2be907 elementor-invisible elementor-widget elementor-widget-image\" data-id=\"d2be907\" data-element_type=\"widget\" data-settings=\"{&quot;_animation&quot;:&quot;fadeInDown&quot;}\" data-widget_type=\"image.default\">\n\t\t\t\t<div class=\"elementor-widget-container\">\n\t\t\t\t\t\t\t\t<div class=\"elementor-image\">\n\t\t\t\t\t\t\t\t\t<figure class=\"wp-caption\">\n\t\t\t\t\t\t\t\t\t\t<img decoding=\"async\" width=\"640\" height=\"645\" src=\"https:\/\/www.investigacionsalud.gob.ec\/webs\/cim\/wp-content\/uploads\/2023\/01\/23-012-1016x1024.png\" class=\"attachment-large size-large wp-image-2215\" alt=\"\" loading=\"lazy\" srcset=\"https:\/\/www.investigacionsalud.gob.ec\/webs\/cim\/wp-content\/uploads\/2023\/01\/23-012-1016x1024.png 1016w, https:\/\/www.investigacionsalud.gob.ec\/webs\/cim\/wp-content\/uploads\/2023\/01\/23-012-298x300.png 298w, https:\/\/www.investigacionsalud.gob.ec\/webs\/cim\/wp-content\/uploads\/2023\/01\/23-012-150x150.png 150w, https:\/\/www.investigacionsalud.gob.ec\/webs\/cim\/wp-content\/uploads\/2023\/01\/23-012-768x774.png 768w, https:\/\/www.investigacionsalud.gob.ec\/webs\/cim\/wp-content\/uploads\/2023\/01\/23-012-762x768.png 762w, https:\/\/www.investigacionsalud.gob.ec\/webs\/cim\/wp-content\/uploads\/2023\/01\/23-012.png 1155w\" sizes=\"(max-width: 640px) 100vw, 640px\" \/>\t\t\t\t\t\t\t\t\t\t\t<figcaption class=\"widget-image-caption wp-caption-text\"><p style=\"text-align: center\">Ing. David Andres Guizado Herrera <\/p>\n<p style=\"text-align: center\"><strong>Ver Perfil<\/strong><\/p><\/figcaption>\n\t\t\t\t\t\t\t\t\t\t<\/figure>\n\t\t\t\t\t\t\t\t<\/div>\n\t\t\t\t\t\t<\/div>\n\t\t\t\t<\/div>\n\t\t\t\t\t\t<\/div>\n\t\t\t\t\t<\/div>\n\t\t<\/div>\n\t\t\t\t\t\t\t\t<\/div>\n\t\t\t\t\t<\/div>\n\t\t<\/section>\n\t\t\t\t\t\t\t\t\t<\/div>\n\t\t\t<\/div>\n\t\t\t\t\t<\/div>\n\t\t","protected":false},"excerpt":{"rendered":"<p>INVESTIGADORES Lcdo. YASEL SANTIESTEBAN DIAZ MSc. Ver Perfil Dr. ALBERTO ORLANDO NARVAEZ Mvz. Ver Perfil Ing. NAOMI DANIELA MORA ZAMBRANO Ver Perfil Dr. Milton Benito Medina Almeida Ver Perfil Dr. Leandro Dario Pati\u00f1o Pati\u00f1o, PhD Ver Perfil Mvz. JOSELYN CALDER\u00d3N GONZ\u00c1LEZ MSc. Ver Perfil Bgla. Domenica Joseth De Mora Coloma Msg. Ver Perfil Bgla. Rivera [&hellip;]<\/p>\n","protected":false},"author":2,"featured_media":0,"parent":62,"menu_order":0,"comment_status":"open","ping_status":"open","template":"","meta":[],"_links":{"self":[{"href":"https:\/\/www.investigacionsalud.gob.ec\/webs\/cim\/wp-json\/wp\/v2\/pages\/186"}],"collection":[{"href":"https:\/\/www.investigacionsalud.gob.ec\/webs\/cim\/wp-json\/wp\/v2\/pages"}],"about":[{"href":"https:\/\/www.investigacionsalud.gob.ec\/webs\/cim\/wp-json\/wp\/v2\/types\/page"}],"author":[{"embeddable":true,"href":"https:\/\/www.investigacionsalud.gob.ec\/webs\/cim\/wp-json\/wp\/v2\/users\/2"}],"replies":[{"embeddable":true,"href":"https:\/\/www.investigacionsalud.gob.ec\/webs\/cim\/wp-json\/wp\/v2\/comments?post=186"}],"version-history":[{"count":175,"href":"https:\/\/www.investigacionsalud.gob.ec\/webs\/cim\/wp-json\/wp\/v2\/pages\/186\/revisions"}],"predecessor-version":[{"id":2282,"href":"https:\/\/www.investigacionsalud.gob.ec\/webs\/cim\/wp-json\/wp\/v2\/pages\/186\/revisions\/2282"}],"up":[{"embeddable":true,"href":"https:\/\/www.investigacionsalud.gob.ec\/webs\/cim\/wp-json\/wp\/v2\/pages\/62"}],"wp:attachment":[{"href":"https:\/\/www.investigacionsalud.gob.ec\/webs\/cim\/wp-json\/wp\/v2\/media?parent=186"}],"curies":[{"name":"wp","href":"https:\/\/api.w.org\/{rel}","templated":true}]}}