{"id":1718,"date":"2020-09-25T14:44:58","date_gmt":"2020-09-25T14:44:58","guid":{"rendered":"http:\/\/www.investigacionsalud.gob.ec\/webs\/cim\/?page_id=1718"},"modified":"2021-01-04T16:58:00","modified_gmt":"2021-01-04T16:58:00","slug":"proyecto-sit","status":"publish","type":"page","link":"https:\/\/www.investigacionsalud.gob.ec\/webs\/cim\/proyectos-2\/proyecto-sit\/","title":{"rendered":"Proyecto RLA5074:  Fortalecimiento de la capacidad regional en Am\u00e9rica Latina y el Caribe para el control integrado de vectores con un componente t\u00e9cnico del insecto est\u00e9ril"},"content":{"rendered":"<h3 style=\"text-align: center;\"><a href=\"http:\/\/www.investigacionsalud.gob.ec\/webs\/cim\/wp-content\/uploads\/2017\/02\/proyecto2017-01-02.jpg\"><img decoding=\"async\" loading=\"lazy\" class=\" size-full wp-image-723 aligncenter\" src=\"http:\/\/www.investigacionsalud.gob.ec\/webs\/cim\/wp-content\/uploads\/2017\/02\/proyecto2017-01-02.jpg\" alt=\"crv-pry-dng\" width=\"960\" height=\"200\" \/><\/a><\/h3>\n<h3 style=\"text-align: center;\"><strong><span style=\"color: #8ca736;\">Fortalecimiento de la capacidad regional en Am\u00e9rica Latina y el Caribe para el control integrado de vectores con un componente t\u00e9cnico del insecto est\u00e9ril, para controlar los mosquitos Aedes como vectores de pat\u00f3genos humanos, en particular el virus Zika.<\/span><\/strong><\/h3>\n<p><strong>INVESTIGADOR PROPONENTE: <\/strong> <\/p>\n<p><strong>INVESTIGADOR PRINCIPAL:<\/strong> Varsovia Cevallos, Ph.D. INSPI-LIP Ecuador<\/p>\n<p><strong>CO INVESTIGADORES: <\/strong><\/p>\n<p><strong>FINANCIAMIENTO: <\/strong> Oganizaci\u00f3n Internacional de Energ\u00eda At\u00f3mica OIEA<\/p>\n<p><strong>DURACI\u00d3N:<\/strong> 5 a\u00f1os (2016-2020)<\/p>\n<p><strong>INSTITUCI\u00d3N EJECUTORA EXTERIOR:<\/strong> <\/p>\n<p><strong>INSTITUCI\u00d3N EJECUTORA ECUADOR:<\/strong> Instituto Nacional de Investigaci\u00f3n en Salud P\u00fablica INSPI Dr. Leopoldo Izquieta P\u00e9rez \u2013 Centro de Investigaci\u00f3n y Referencia de Vectores CIREV<\/p>\n<p><strong>INSTITUCI\u00d3N EJECUTORA ECUADOR:<\/strong> Universidad de Investigaci\u00f3n de Tecnolog\u00eda Experimental Yachay. Escuela de Biolog\u00eda e Ingenier\u00eda. Escuela de Ciencias de la Tierra, Energ\u00eda y Ambiente.<\/p>\n<p><strong>INSTITUCI\u00d3N EJECUTORA ECUADOR:<\/strong> Escuela Polit\u00e9cnica Nacional EPN, Departamento de Ciencias Nucleares, Laboratorio de Tecnolog\u00eda de Radiaciones.<\/p>\n<p><strong>Palabras clave:<\/strong> Dengue, Zika, Rural, Urbanismo, Epidemiolog\u00eda<\/p>\n<p><strong>DESCRIPCI\u00d3N DEL PROYECTO:<\/strong><\/p>\n<p style=\"text-align: justify;\">Este proyecto es auspiciado por la Organizaci\u00f3n Internacional de Energ\u00eda At\u00f3mica (OIEA), organismo que busca fortalecer las capacidades nacionales para el control de las poblaciones de especies de mosquitos Aedes mediante la t\u00e9cnica de los insectos est\u00e9riles (SIT). Por primera vez en el Ecuador, se pretende realizar un estudio piloto que incluye la cr\u00eda semi-masiva de colonias nativas de mosquitos. Se colectar\u00e1n los estadios inmaduros en el campo y en el laboratorio se instalar\u00e1n y mantendr\u00e1n colonias de <i>Aedes aegypti<\/i>. Posteriormente las pupas de los mosquitos macho ser\u00e1n esterilizadas y los machos que emergan ser\u00e1n liberados en forma controlada en localidades experimentales: parroquia rural Bellavista del cant\u00f3n Santa Cruz (Pto. Ayora) de la provincia de Gal\u00e1pagos y la parroquia rural Lita del cant\u00f3n Ibarra provincia de Imbabura.  Los machos est\u00e9riles liberados se aparear\u00e1n con hembras silvestres sin que haya descendencia, con lo que se reduce la poblaci\u00f3n causante de la plaga.<\/p>\n<p><strong>OBJETIVOS<\/strong><\/p>\n<p style=\"text-align: justify;\">\nLevantar la l\u00ednea base de informaci\u00f3n entomol\u00f3gica para la aplicaci\u00f3n de la t\u00e9cnica del Insecto Est\u00e9ril (TIE) y establecer los protocolos de cr\u00eda, esterilizaci\u00f3n, liberaci\u00f3n de machos est\u00e9riles para el control de <i>Aedes aegypti<\/i> en localidades experimentales: parroquia rural Bellavista del cant\u00f3n Santa Cruz (Pto. Ayora) de la provincia de Gal\u00e1pagos y la parroquia rural Lita del cant\u00f3n Ibarra provincia de Imbabura.\n<\/p>\n<p><strong>OBJETIVOS ESPECIFICOS<\/strong><\/p>\n<ul>\n<li>Identificar las especies de cul\u00edcidos en las localidades experimentales: parroquia rural Bellavista del cant\u00f3n Santa Cruz (Pto. Ayora) de la provincia de Gal\u00e1pagos y la parroquia rural Lita del cant\u00f3n Ibarra provincia de Imbabura, mediante monitoreo semanal continuo durante el a\u00f1o.<\/li>\n<li>Establecer colonias de <i>Ae. aegypti<\/i> para aplicar la TIE mediante la uso de t\u00e9cnicas de cr\u00eda entomol\u00f3gica. <\/li>\n<li>Estandarizar m\u00e9todos eficientes de manejo, esterilizaci\u00f3n y liberaci\u00f3n de los mosquitos <i>Ae. aegypti<\/i> pre-irradiaci\u00f3n y post-irradiaci\u00f3n mediante lineamientos TIE. <\/li>\n<li>Determinar y confirmar la dosis \u00f3ptima de radiaci\u00f3n requerida  para la esterilizaci\u00f3n de machos  <i>Aedes aegypti<\/i>, mediante ensayos de irradiaci\u00f3n. <\/li>\n<li>Evaluar el impacto de la liberaci\u00f3n de machos <i>Aedes aegypti<\/i> est\u00e9riles en las localidades experimentales: parroquia rural Bellavista del cant\u00f3n Santa Cruz (Pto. Ayora) de la provincia de Gal\u00e1pagos y la parroquia rural Lita del cant\u00f3n Ibarra provincia de Imbabura, mediante colectas de inmaduros y adultos, mediante monitoreo y recaptura de individuos. <\/li>\n<li>Difundir la TIE como herramienta en el control vectorial, mediante encuentros de socializaci\u00f3n con autoridades y comunidad.<\/li>\n<\/ul>\n<p><strong>BENEFICIARIOS<\/strong><\/p>\n<ul>\n<li>Los beneficiarios directos de los resultados de esta investigaci\u00f3n ser\u00e1n las autoridades sanitarias competentes que contar\u00e1n con una tecnolog\u00eda complementaria para el control de los mosquitos vectores y que pueden aplicar la t\u00e9cnica en \u00e1reas de salud humana, animal y conservaci\u00f3n. <\/li>\n<li>Esta tecnolog\u00eda beneficiar\u00e1 a la poblaci\u00f3n de las localidades experimentales: parroquia rural Bellavista del cant\u00f3n Santa Cruz (Pto. Ayora) de la provincia de Gal\u00e1pagos y la parroquia rural Lita del cant\u00f3n Ibarra provincia de Imbabura, reduciendo el riesgo de transmisi\u00f3n de enfermedades arbovirales (aprox. 8 millones de habitantes). Y a visitantes, turistas nacionales e internacionales, que podr\u00edan visitar atractivos tur\u00edsticos que actualmente tienen riesgo de transmisi\u00f3n de arbovirus.<\/li>\n<li>Comunidad cient\u00edfica nacional e internacional tendr\u00e1 acceso a publicaciones y manuales de estandarizaci\u00f3n de procedimientos de la investigaci\u00f3n, que podr\u00e1n ser utilizados por profesionales de las \u00e1reas de biolog\u00eda, agronom\u00eda, veterinaria, f\u00edsica y ciencias nucleares.<\/li>\n<li>Instituciones participantes obtendr\u00e1n beneficio de la transferencia tecnol\u00f3gica y\/o infraestructura implementada (INSPI, Yachay Tech, Escuela Polit\u00e9cnica Nacional, Ministerio de Salud P\u00fablica)<\/li>\n<\/ul>\n","protected":false},"excerpt":{"rendered":"<p>Fortalecimiento de la capacidad regional en Am\u00e9rica Latina y el Caribe para el control integrado de vectores con un componente t\u00e9cnico del insecto est\u00e9ril, para controlar los mosquitos Aedes como vectores de pat\u00f3genos humanos, en particular el virus Zika. INVESTIGADOR PROPONENTE: INVESTIGADOR PRINCIPAL: Varsovia Cevallos, Ph.D. INSPI-LIP Ecuador CO INVESTIGADORES: FINANCIAMIENTO: Oganizaci\u00f3n Internacional de Energ\u00eda [&hellip;]<\/p>\n","protected":false},"author":2,"featured_media":0,"parent":1798,"menu_order":0,"comment_status":"open","ping_status":"open","template":"","meta":[],"_links":{"self":[{"href":"https:\/\/www.investigacionsalud.gob.ec\/webs\/cim\/wp-json\/wp\/v2\/pages\/1718"}],"collection":[{"href":"https:\/\/www.investigacionsalud.gob.ec\/webs\/cim\/wp-json\/wp\/v2\/pages"}],"about":[{"href":"https:\/\/www.investigacionsalud.gob.ec\/webs\/cim\/wp-json\/wp\/v2\/types\/page"}],"author":[{"embeddable":true,"href":"https:\/\/www.investigacionsalud.gob.ec\/webs\/cim\/wp-json\/wp\/v2\/users\/2"}],"replies":[{"embeddable":true,"href":"https:\/\/www.investigacionsalud.gob.ec\/webs\/cim\/wp-json\/wp\/v2\/comments?post=1718"}],"version-history":[{"count":12,"href":"https:\/\/www.investigacionsalud.gob.ec\/webs\/cim\/wp-json\/wp\/v2\/pages\/1718\/revisions"}],"predecessor-version":[{"id":2013,"href":"https:\/\/www.investigacionsalud.gob.ec\/webs\/cim\/wp-json\/wp\/v2\/pages\/1718\/revisions\/2013"}],"up":[{"embeddable":true,"href":"https:\/\/www.investigacionsalud.gob.ec\/webs\/cim\/wp-json\/wp\/v2\/pages\/1798"}],"wp:attachment":[{"href":"https:\/\/www.investigacionsalud.gob.ec\/webs\/cim\/wp-json\/wp\/v2\/media?parent=1718"}],"curies":[{"name":"wp","href":"https:\/\/api.w.org\/{rel}","templated":true}]}}