{"id":1191,"date":"2017-05-08T18:01:45","date_gmt":"2017-05-08T18:01:45","guid":{"rendered":"http:\/\/www.investigacionsalud.gob.ec\/webs\/cim\/?page_id=1191"},"modified":"2020-09-27T17:12:10","modified_gmt":"2020-09-27T17:12:10","slug":"tesis","status":"publish","type":"page","link":"https:\/\/www.investigacionsalud.gob.ec\/webs\/cim\/publicaciones-3\/tesis\/","title":{"rendered":"TESIS"},"content":{"rendered":"<p><!--...................Universitarios................................--><\/p>\n<div class=\"crv-tss-ttl1\"> <strong class=\"crv-tss-ttl-ltr\">Tercer Nivel <\/strong>\n<\/div>\n<p><!--............DIANA TAIPE...................--><\/p>\n<div class=\"crv-tss-cntd-prs\">\n<div class=\"crv-tss-cntd-prs-tm\">Tema: Modelaci\u00f3n matem\u00e1tica para la predictibilidad del dengue en Ecuador. <\/div>\n<div class=\"crv-tss-cntd-prs-tm2\">\n<strong>Autor:<\/strong> Diana Paulina Taipe Hidalgo <br \/>\n<strong>Carrera:<\/strong> Ingenier\u00eda Matem\u00e1tica<br \/>\n<strong>A\u00f1o:<\/strong> 2017<br \/> \n<\/div>\n<span class=\"collapseomatic \" id=\"id51\"  tabindex=\"0\" title=\"m\u00e1s informaci\u00f3n\"    >m\u00e1s informaci\u00f3n<\/span><div id=\"target-id51\" class=\"collapseomatic_content \">\n<div class=\"crv-tss-cntd-int\">\n<strong>Universidad:<\/strong> Universidad Polit\u00e9cnica Nacional<br \/>\n<strong>Facultad:<\/strong> Ciencias<br \/>\n<strong>Tutor:<\/strong> Dra. Sandra Elizabeth Guiti\u00e9rrez Pombosa<br \/>\n<strong>Fecha de publicaci\u00f3n:<\/strong> enero 2017<br \/>\n<strong>Centro de referencia:<\/strong> CIREV<br \/>\n<strong>Rese\u00f1a del proyecto<\/strong> <\/p>\n<p class=\"crv-tss-rsn\"> Ajustar un modelo jer\u00e1rquico bayesiano espacio temporal que permita identificar las variables de mayor influencia en la incidencia y contagio del dengue en la ciudad de Guayaquil.<br \/>\n<a href=\"http:\/\/bibdigital.epn.edu.ec\/handle\/15000\/17029\" target=\"_blank\"><strong>Documento completo aqu\u00ed<\/strong> <\/a>\n<\/p>\n<\/div>\n<\/div><\/div>\n<div class=\"crv-bdy-ntc-spacio\"> <\/div>\n<p><!--............PATRICIA CHILUIZA...................--><\/p>\n<div class=\"crv-tss-cntd-prs\">\n<div class=\"crv-tss-cntd-prs-tm\">Tema: Detecci\u00f3n de la infecci\u00f3n natural de Leishmania spp. En espec\u00edmenes de Lutzomyia spp, y determinaci\u00f3n molecular de los hospederos de los que se alimentan en las provincias de Esmeraldas y Chimborazo.  <\/div>\n<div class=\"crv-tss-cntd-prs-tm2\">\n<strong>Autor:<\/strong> Patricia Alejandra Chiluiza Piedra <br \/>\n<strong>Carrera:<\/strong> Ingenier\u00eda en Biotecnolog\u00eda<br \/>\n<strong>A\u00f1o:<\/strong> 2016<br \/> \n<\/div>\n<span class=\"collapseomatic \" id=\"id5806\"  tabindex=\"0\" title=\"m\u00e1s informaci\u00f3n\"    >m\u00e1s informaci\u00f3n<\/span><div id=\"target-id5806\" class=\"collapseomatic_content \">\n<div class=\"crv-tss-cntd-int\">\n<strong>Universidad:<\/strong> Universidad de las \u00c1mericas<br \/>\n<strong>Facultad:<\/strong> Ingenier\u00eda y Ciencias Agropecuarias<br \/>\n<strong>Tutor:<\/strong> William Patricio Ponce Yaulema, Ph.D.<br \/>\n<strong>Fecha de publicaci\u00f3n:<\/strong> 2016<br \/>\n<strong>Centro de referencia:<\/strong> CIREV<br \/>\n<strong>Rese\u00f1a del proyecto<\/strong> <\/p>\n<p class=\"crv-tss-rsn\"> Detectar la infecci\u00f3n natural de par\u00e1sitos de la familia Trypanosomatidae en espec\u00edmenes de Lutzomyia spp., y determinar molecularmente los hospederos de los que se alimenta.<br \/>\n<a href=\"http:\/\/dspace.udla.edu.ec\/bitstream\/33000\/4860\/1\/UDLA-EC-TIB-2016-01.pdf\" target=\"_blank\"><strong>Documento completo aqu\u00ed<\/strong> <\/a>\n<\/p>\n<\/div>\n<\/div><\/div>\n<div class=\"crv-bdy-ntc-spacio\"> <\/div>\n<p><!--............HALLY NEOCATO...................--><\/p>\n<div class=\"crv-tss-cntd-prs\">\n<div class=\"crv-tss-cntd-prs-tm\">Tema: Identificaci\u00f3n molecular de especies de Anopheles basados en ADN ribosomal y su importancia en la incidencia de la malaria en el Ecuador.  <\/div>\n<div class=\"crv-tss-cntd-prs-tm2\">\n<strong>Autor:<\/strong> Hally Gabriela Neacato Barreno<br \/>\n<strong>Carrera:<\/strong> Ingenier\u00eda en Biotecnolog\u00eda<br \/>\n<strong>A\u00f1o:<\/strong> 2016<br \/> \n<\/div>\n<span class=\"collapseomatic \" id=\"id7070\"  tabindex=\"0\" title=\"m\u00e1s informaci\u00f3n\"    >m\u00e1s informaci\u00f3n<\/span><div id=\"target-id7070\" class=\"collapseomatic_content \">\n<div class=\"crv-tss-cntd-int\">\n<strong>Universidad:<\/strong> Universidad de las \u00c1mericas<br \/>\n<strong>Facultad:<\/strong> Ingenier\u00eda y Ciencias Agropecuarias<br \/>\n<strong>Tutor:<\/strong> William Patricio Ponce Yaulema, Ph.D.<br \/>\n<strong>Fecha de publicaci\u00f3n:<\/strong> 2016<br \/>\n<strong>Centro de referencia:<\/strong> CIREV<br \/>\n<strong>Rese\u00f1a del proyecto<\/strong> <\/p>\n<p class=\"crv-tss-rsn\"> Determinar la identidad de individuos Anopheles mediante la amplificaci\u00f3n de la  regi\u00f3n ITS2 de ADN ribosomal y su relaci\u00f3n con la incidencia de la malaria en el Ecuador.<br \/>\n<a href=\"http:\/\/dspace.udla.edu.ec\/bitstream\/33000\/6216\/1\/UDLA-EC-TIB-2016-23.pdf\" target=\"_blank\"><strong>Documento completo aqu\u00ed<\/strong> <\/a>\n<\/p>\n<\/div>\n<\/div><\/div>\n<div class=\"crv-bdy-ntc-spacio\"> <\/div>\n<p><!--............TATIANA TIPANTIZA...................--><\/p>\n<div class=\"crv-tss-cntd-prs\">\n<div class=\"crv-tss-cntd-prs-tm\">Tema: Desarrollo de una Revista Interactiva Multimedia con el objetivo de difundir informaci\u00f3n cient\u00edfica generada por el proyecto SATVEC-DENGUE FASE 1 ejecutada por el Centro de Entomolog\u00eda M\u00e9dica del INSPI  <\/div>\n<div class=\"crv-tss-cntd-prs-tm2\">\n<strong>Autor:<\/strong> Tatiana Elizabeth Tipantiza Baez <br \/>\n<strong>Carrera:<\/strong> Dise\u00f1o Gr\u00e1fico<br \/>\n<strong>A\u00f1o:<\/strong> 2015<br \/> \n<\/div>\n<span class=\"collapseomatic \" id=\"id9629\"  tabindex=\"0\" title=\"m\u00e1s informaci\u00f3n\"    >m\u00e1s informaci\u00f3n<\/span><div id=\"target-id9629\" class=\"collapseomatic_content \">\n<div class=\"crv-tss-cntd-int\">\n<strong>Universidad:<\/strong> Universidad Tecnol\u00f3gica Israel<br \/>\n<strong>Facultad:<\/strong> Artes y Humanidades<br \/>\n<strong>Tutor:<\/strong> Mg. Favio Vargas<br \/>\n<strong>Fecha de publicaci\u00f3n:<\/strong> abril 2017<br \/>\n<strong>Centro de referencia:<\/strong> CIREV<br \/>\n<strong>Rese\u00f1a del proyecto<\/strong> <\/p>\n<p class=\"crv-tss-rsn\"> Desarrollar una revista interactiva multimedia con el objetivo de la difusi\u00f3n de la informaci\u00f3n cient\u00edfica generada por el proyecto SATVEC-DENGUE FASE 1 ejecutada por el Centro de Entomolog\u00eda M\u00e9dica del INSPI para los estudiantes universitarios del D.M. de Quito.<br \/>\n<a href=\"https:\/\/www.google.com.ec\/url?sa=t&#038;rct=j&#038;q=&#038;esrc=s&#038;source=web&#038;cd=2&#038;cad=rja&#038;uact=8&#038;ved=0ahUKEwiUmrPD9JLSAhWH0iYKHVufBvIQFggaMAE&#038;url=http%3A%2F%2F190.11.245.244%2Fbitstream%2F47000%2F630%2F1%2FUISRAEL-EC-DIS-378.242-69.pdf&#038;usg=AFQjCNHTTaZVkGXJXUGTwBOG4SkpXfzaGQ&#038;sig2=96ugSaAXjdq3PVmx4b83WA&#038;bvm=bv.147134024,d.eWE\" target=\"_blank\"><strong>Documento completo aqu\u00ed<\/strong> <\/a>\n<\/p>\n<\/div>\n<\/div><\/div>\n<div class=\"crv-bdy-ntc-spacio\"> <\/div>\n<p><!--............SERGIO PINCAY...................--><\/p>\n<div class=\"crv-tss-cntd-prs\">\n<div class=\"crv-tss-cntd-prs-tm\">Tema: Estudio comparativo del ciclo de desarrollo y sobrevivencia del <i>Aedes aegypti<\/i> durante la \u00e9poca seca y \u00e9poca lluviosa en la ciudad de Guayaquil. <\/div>\n<div class=\"crv-tss-cntd-prs-tm2\">\n<strong>Autor:<\/strong> Sergio Alejandro Pincay Montes<br \/>\n<strong>Carrera:<\/strong> Biolog\u00eda<br \/>\n<strong>A\u00f1o:<\/strong> 2015\n<\/div>\n<span class=\"collapseomatic \" id=\"id1556\"  tabindex=\"0\" title=\"m\u00e1s informaci\u00f3n\"    >m\u00e1s informaci\u00f3n<\/span><div id=\"target-id1556\" class=\"collapseomatic_content \">\n<div class=\"crv-tss-cntd-int\">\n<strong>Universidad:<\/strong> Universidad Superior Polit\u00e9cnica del Litoral<br \/>\n<strong>Facultad:<\/strong> Ingenier\u00eda Mar\u00edtima. Ciencias Biol\u00f3gicas, Oce\u00e1nicas y Recursos Naturales<br \/>\n<strong>Tutor:<\/strong> M.Sc. C\u00e9sar Bedoya Pilozo.<br \/>\n<strong>Fecha de publicaci\u00f3n:<\/strong> 2015<br \/>\n<strong>Centro de referencia:<\/strong> CIREV<br \/>\n<strong>Rese\u00f1a del proyecto<\/strong> <\/p>\n<p class=\"crv-tss-rsn\">El presente trabajo tuvo como objetivo registrar por primera vez los tiempos  de desarrollo de Aedes aegypti y su sobrevivencia en la ciudad de Guayaquil durante la \u00e9poca seca y lluviosa. Se registr\u00f3 que esta especie complet\u00f3 su desarrollo en 61 d\u00edas durante la \u00e9poca seca mientras que durante la \u00e9poca lluviosa complet\u00f3 su desarrollo en 38 d\u00edas. As\u00ed mismo, la sobrevivencia reportada fue mayor durante la \u00e9poca lluviosa con un 32, 33% mientras que la \u00e9poca seca obtuvo un 17%.<br \/>\n<a href=\"https:\/\/www.dspace.espol.edu.ec\/bitstream\/123456789\/31556\/1\/Tesis%20-%20Sergio%20Pincay.pdf\" target=\"_blank\"><strong>Documento completo aqu\u00ed<\/strong><\/a>\n<\/p>\n<\/div>\n<\/div><\/div>\n<div class=\"crv-bdy-ntc-spacio\"> <\/div>\n<p><!--............Jorge Coba...................--><\/p>\n<div class=\"crv-tss-cntd-prs\">\n<div class=\"crv-tss-cntd-prs-tm\">Tema: Prevalencia y Serotipificaci\u00f3n del virus dengue  mediante RT-PCR en <i>Aedes aegypti<\/i> capturados en la Cooperativa de Vivienda Provincias Unidas  en Santo Domingo, Ecuador. <\/div>\n<div class=\"crv-tss-cntd-prs-tm2\">\n<strong>Autor:<\/strong> Jorge Eduardo Coba C\u00e1rdenas <br \/>\n<strong>Carrera:<\/strong> Ingenier\u00eda en Biotecnolog\u00eda de los Recursos Naturales<br \/>\n<strong>A\u00f1o:<\/strong> 2015<br \/> \n<\/div>\n<span class=\"collapseomatic \" id=\"id7121\"  tabindex=\"0\" title=\"m\u00e1s informaci\u00f3n\"    >m\u00e1s informaci\u00f3n<\/span><div id=\"target-id7121\" class=\"collapseomatic_content \">\n<div class=\"crv-tss-cntd-int\">\n<strong>Universidad:<\/strong> Universidad Polit\u00e9cnica Salesiana Sede Quito<br \/>\n<strong>Facultad:<\/strong> Ingenier\u00eda en Biotecnolog\u00eda de los Recursos Naturales<br \/>\n<strong>Tutor:<\/strong> Germania Margarita Karolys Guti\u00e9rrez<br \/>\n<strong>Fecha de publicaci\u00f3n:<\/strong> marzo 2015<br \/>\n<strong>Centro de referencia:<\/strong> CIREV<br \/>\n<strong>Rese\u00f1a del proyecto<\/strong> <\/p>\n<p class=\"crv-tss-rsn\"> Determinar la prevalencia del virus del dengue y los serotipos presentes en hembras del mosquito Aedes aegypti capturados en la \u201cCooperativa de Vivienda Provincias Unidas\u201d en la ciudad de Santo Domingo, Ecuador.<br \/>\n<a href=\"http:\/\/dspace.ups.edu.ec\/handle\/123456789\/9049\" target=\"_blank\"><strong>Documento completo aqu\u00ed<\/strong> <\/a>\n<\/p>\n<\/div>\n<\/div><\/div>\n<div class=\"crv-bdy-ntc-spacio\"> <\/div>\n","protected":false},"excerpt":{"rendered":"<p>Tercer Nivel Tema: Modelaci\u00f3n matem\u00e1tica para la predictibilidad del dengue en Ecuador. Autor: Diana Paulina Taipe Hidalgo Carrera: Ingenier\u00eda Matem\u00e1tica A\u00f1o: 2017 Tema: Detecci\u00f3n de la infecci\u00f3n natural de Leishmania spp. En espec\u00edmenes de Lutzomyia spp, y determinaci\u00f3n molecular de los hospederos de los que se alimentan en las provincias de Esmeraldas y Chimborazo. Autor: [&hellip;]<\/p>\n","protected":false},"author":2,"featured_media":0,"parent":1802,"menu_order":0,"comment_status":"open","ping_status":"open","template":"","meta":[],"_links":{"self":[{"href":"https:\/\/www.investigacionsalud.gob.ec\/webs\/cim\/wp-json\/wp\/v2\/pages\/1191"}],"collection":[{"href":"https:\/\/www.investigacionsalud.gob.ec\/webs\/cim\/wp-json\/wp\/v2\/pages"}],"about":[{"href":"https:\/\/www.investigacionsalud.gob.ec\/webs\/cim\/wp-json\/wp\/v2\/types\/page"}],"author":[{"embeddable":true,"href":"https:\/\/www.investigacionsalud.gob.ec\/webs\/cim\/wp-json\/wp\/v2\/users\/2"}],"replies":[{"embeddable":true,"href":"https:\/\/www.investigacionsalud.gob.ec\/webs\/cim\/wp-json\/wp\/v2\/comments?post=1191"}],"version-history":[{"count":53,"href":"https:\/\/www.investigacionsalud.gob.ec\/webs\/cim\/wp-json\/wp\/v2\/pages\/1191\/revisions"}],"predecessor-version":[{"id":1256,"href":"https:\/\/www.investigacionsalud.gob.ec\/webs\/cim\/wp-json\/wp\/v2\/pages\/1191\/revisions\/1256"}],"up":[{"embeddable":true,"href":"https:\/\/www.investigacionsalud.gob.ec\/webs\/cim\/wp-json\/wp\/v2\/pages\/1802"}],"wp:attachment":[{"href":"https:\/\/www.investigacionsalud.gob.ec\/webs\/cim\/wp-json\/wp\/v2\/media?parent=1191"}],"curies":[{"name":"wp","href":"https:\/\/api.w.org\/{rel}","templated":true}]}}