{"id":1079,"date":"2017-02-08T19:59:59","date_gmt":"2017-02-08T19:59:59","guid":{"rendered":"http:\/\/www.investigacionsalud.gob.ec\/webs\/cim\/?page_id=1079"},"modified":"2021-01-04T17:34:43","modified_gmt":"2021-01-04T17:34:43","slug":"tecnica-de-deteccion-del-virus-zika-en-ecuador","status":"publish","type":"page","link":"https:\/\/www.investigacionsalud.gob.ec\/webs\/cim\/proyectos-2\/tecnica-de-deteccion-del-virus-zika-en-ecuador\/","title":{"rendered":"Desarrollo e implementaci\u00f3n de una  nueva t\u00e9cnica de bajo costo para el diagn\u00f3stico y detecci\u00f3n del virus del Zika en Ecuador"},"content":{"rendered":"<h3 style=\"text-align: center;\"><a href=\"http:\/\/www.investigacionsalud.gob.ec\/webs\/cim\/wp-content\/uploads\/2017\/02\/bannerpryt02.jpg\"><img decoding=\"async\" loading=\"lazy\" class=\" size-full wp-image-723 aligncenter\" src=\"http:\/\/www.investigacionsalud.gob.ec\/webs\/cim\/wp-content\/uploads\/2017\/02\/bannerpryt02.jpg\" alt=\"crv-pry-dng\" width=\"960\" height=\"200\" \/><\/a><\/h3>\n<h3 style=\"text-align: center;\"><strong><span style=\"color: #8ca736;\">Desarrollo e implementaci\u00f3n de una  nueva t\u00e9cnica de bajo costo para el diagn\u00f3stico y detecci\u00f3n del virus del Zika en Ecuador<\/span><\/strong><\/h3>\n<p><strong>INVESTIGADOR PROPONENTE:<\/strong> Keith Pardee, Ph.D. University of Toronto<br \/>\n<strong>INVESTIGADOR PRINCIPAL:<\/strong> Varsovia Cevallos, Ph.D. INSPI-LIP Ecuador<br \/>\n<strong>INVESTIGADORES:<\/strong> Jaime Castellanos, Ph.D. Instituto de Virolog\u00eda\/Universidad El Bosque-Colombia<br \/>\n<strong>INVESTIGADORES:<\/strong> Lindomar Pe\u00f1a, Ph.D. Instituto Fiocruz, Brazil\/National Reference Diagnostic Lab for Zika virus<br \/>\n<strong>FINANCIAMIENTO:<\/strong> Canada-Latin America- Caribbean Zika Virus Program, Canadian Institutes of Health Research IDRC.<br \/>\n<strong>DURACI\u00d3N:<\/strong> 36 meses<br \/>\n<strong>INSTITUCI\u00d3N EJECUTORA ECUADOR:<\/strong> Instituto Nacional de Investigaci\u00f3n en Salud P\u00fablica-INSPI-LIP<\/p>\n<p><strong>PALABRAS CLAVE:<\/strong> ZIKVirus, Zika, Diagn\u00f3stico, Microflu\u00eddos, CRISPR\/CAS9<\/p>\n<p>La epidemia emergente provocada por el virus del Zika (ZIKV) en las Am\u00e9ricas ha sido considerada un problema de gran importancia para la salud p\u00fablica. Este virus, transmitido por la picadura de los mosquitos <i>A. aegypti <\/i>y <i>A. albopictus<\/i>, se ha expandido r\u00e1pidamente hacia regiones densamente pobladas del Centro y Sur de Am\u00e9rica. La correlaci\u00f3n existente entre el incremento de casos provocados por el ZIKV y el desarrollo de complicaciones neurol\u00f3gicas en la poblaci\u00f3n llev\u00f3 a la Organizaci\u00f3n Mundial de la Salud (OMS), en el a\u00f1o 2016 a declarar un estado de emergencia, recalcando la necesidad de nuevas t\u00e9cnicas diagn\u00f3sticas de bajo costo que sean r\u00e1pidamente desarrolladas y distribuidas en las regiones afectadas. <\/p>\n<p>Las t\u00e9cnicas diagn\u00f3sticas disponibles hasta el momento, tanto inmunol\u00f3gicas como moleculares, presentan reacci\u00f3n cruzada con otros flavivirus, requieren tiempo, experticia y un alto costo para obtener resultados. Bajo esta premisa, el grupo de investigadores han desarrollado una prueba de detecci\u00f3n r\u00e1pida para identificar el virus del ZIKA. El sistema desarrollado es libre de c\u00e9lulas usando componentes biomoleculares programables, como sensores de detecci\u00f3n del material gen\u00e9tico espec\u00edfico del virus, para discriminar entre las diferentes cepas del virus del ZIKA. La tecnolog\u00eda desarrollada y publicada tiene un bajo costo de manufactura, entre 2 y 3 d\u00f3lares por prueba y se realiza en un solo paso.  Este sistema brinda ventajas al momento de su uso, almacenamiento y manejo. Fue probado en laboratorio usando plasma de animales infectados por el virus y los resultados obtenidos fueron positivos en forma r\u00e1pida y efectiva.<\/p>\n<p>El presente proyecto tiene el objetivo de perfeccionar y aplicar en campo esta tecnolog\u00eda para el desarrollo de una herramienta diagn\u00f3stica, que sea inmediata, de bajo costo, de f\u00e1cil manejo y que se pueda aplicar en diferentes contextos de salud en el Ecuador y en todas las \u00e1reas afectadas por el virus del ZIKA. <\/p>\n<p>Con el equipo de cient\u00edficos que desarrollaron el sistema, los investigadores del Instituto Nacional de Investigaci\u00f3n en Salud P\u00fablica INSPI-LIP y la colaboraci\u00f3n del Ministerio de Salud P\u00fablica del Ecuador; \u00e9stas tecnolog\u00edas ser\u00e1n probadas y validadas con muestras de pacientes y en mosquitos vectores durante los primeros 6-18 meses de ejecuci\u00f3n del proyecto. A trav\u00e9s de los esfuerzos de esta  investigaci\u00f3n se busca contribuir al manejo de \u00e9sta grave enfermedad con un m\u00e9todo de diagn\u00f3stico extremadamente r\u00e1pido y de muy bajo costo. <\/p>\n<p>Actualmente, el diagn\u00f3stico molecular que se realiza en el Laboratorio de Referencia Nacional de Arbovirus del INSPI tiene un costo aproximado de 30 d\u00f3lares por muestra\/paciente y es necesario aplicarlo en pacientes de riesgo y mujeres embarazadas; sin mencionar, el problema (cadena de fr\u00edo) que constituye el transporte de la muestra de los pacientes desde el centro de salud donde se toma la muestra hasta el laboratorio nacional del INSPI. El n\u00famero de pacientes que pueden contar con un diagn\u00f3stico de alta sensibilidad se limita debido al alto costo, al tiempo que toma realizar la prueba, a la disposici\u00f3n de personal altamente entrenado en t\u00e9cnicas moleculares y a la disponibilidad de un laboratorio acondicionado para an\u00e1lisis molecular.  El disponer de un m\u00e9todo de diagn\u00f3stico r\u00e1pido de f\u00e1cil aplicaci\u00f3n es un avance que permitir\u00e1 intervenciones r\u00e1pidas y modernas en urbanas as\u00ed como en \u00e1reas remotas. Hoy en d\u00eda muchas cl\u00ednicas de campo de todo el mundo carecen de acceso a una \u00abcadena de fr\u00edo\u00bb de refrigeraci\u00f3n. Sin embargo, con el kit de fabricaci\u00f3n bio-mol\u00e9cula port\u00e1til, los m\u00e9dicos podr\u00edan directamente realizar el diagn\u00f3stico.<\/p>\n","protected":false},"excerpt":{"rendered":"<p>Desarrollo e implementaci\u00f3n de una nueva t\u00e9cnica de bajo costo para el diagn\u00f3stico y detecci\u00f3n del virus del Zika en Ecuador INVESTIGADOR PROPONENTE: Keith Pardee, Ph.D. University of Toronto INVESTIGADOR PRINCIPAL: Varsovia Cevallos, Ph.D. INSPI-LIP Ecuador INVESTIGADORES: Jaime Castellanos, Ph.D. Instituto de Virolog\u00eda\/Universidad El Bosque-Colombia INVESTIGADORES: Lindomar Pe\u00f1a, Ph.D. Instituto Fiocruz, Brazil\/National Reference Diagnostic Lab [&hellip;]<\/p>\n","protected":false},"author":2,"featured_media":0,"parent":1798,"menu_order":0,"comment_status":"open","ping_status":"open","template":"","meta":[],"_links":{"self":[{"href":"https:\/\/www.investigacionsalud.gob.ec\/webs\/cim\/wp-json\/wp\/v2\/pages\/1079"}],"collection":[{"href":"https:\/\/www.investigacionsalud.gob.ec\/webs\/cim\/wp-json\/wp\/v2\/pages"}],"about":[{"href":"https:\/\/www.investigacionsalud.gob.ec\/webs\/cim\/wp-json\/wp\/v2\/types\/page"}],"author":[{"embeddable":true,"href":"https:\/\/www.investigacionsalud.gob.ec\/webs\/cim\/wp-json\/wp\/v2\/users\/2"}],"replies":[{"embeddable":true,"href":"https:\/\/www.investigacionsalud.gob.ec\/webs\/cim\/wp-json\/wp\/v2\/comments?post=1079"}],"version-history":[{"count":21,"href":"https:\/\/www.investigacionsalud.gob.ec\/webs\/cim\/wp-json\/wp\/v2\/pages\/1079\/revisions"}],"predecessor-version":[{"id":2017,"href":"https:\/\/www.investigacionsalud.gob.ec\/webs\/cim\/wp-json\/wp\/v2\/pages\/1079\/revisions\/2017"}],"up":[{"embeddable":true,"href":"https:\/\/www.investigacionsalud.gob.ec\/webs\/cim\/wp-json\/wp\/v2\/pages\/1798"}],"wp:attachment":[{"href":"https:\/\/www.investigacionsalud.gob.ec\/webs\/cim\/wp-json\/wp\/v2\/media?parent=1079"}],"curies":[{"name":"wp","href":"https:\/\/api.w.org\/{rel}","templated":true}]}}